{"id":338,"date":"2026-03-19T19:44:49","date_gmt":"2026-03-19T19:44:49","guid":{"rendered":"https:\/\/tsa.seoglobal.es\/?page_id=338"},"modified":"2026-03-19T19:48:48","modified_gmt":"2026-03-19T19:48:48","slug":"politica-de-cookies","status":"publish","type":"page","link":"https:\/\/tsa.seoglobal.es\/index.php\/politica-de-cookies\/","title":{"rendered":"Pol\u00edtica de cookies"},"content":{"rendered":"\t\t<div data-elementor-type=\"wp-page\" data-elementor-id=\"338\" class=\"elementor elementor-338\" data-elementor-post-type=\"page\">\n\t\t\t\t<div class=\"elementor-element elementor-element-98c2d36 e-flex e-con-boxed e-con e-parent\" data-id=\"98c2d36\" data-element_type=\"container\" data-e-type=\"container\">\n\t\t\t\t\t<div class=\"e-con-inner\">\n\t\t\t\t<div class=\"elementor-element elementor-element-90422e3 elementor-widget elementor-widget-heading\" data-id=\"90422e3\" data-element_type=\"widget\" data-e-type=\"widget\" data-widget_type=\"heading.default\">\n\t\t\t\t\t<h2 class=\"elementor-heading-title elementor-size-default\">Pol\u00edtica de cookies<\/h2>\t\t\t\t<\/div>\n\t\t\t\t<div class=\"elementor-element elementor-element-4fd81b4 elementor-widget elementor-widget-text-editor\" data-id=\"4fd81b4\" data-element_type=\"widget\" data-e-type=\"widget\" data-widget_type=\"text-editor.default\">\n\t\t\t\t\t\t\t\t\t<p>La web de Can Miman SL utiliza cookies propias y de terceros. Una cookie es un archivo que se descarga en su ordenador al acceder a determinadas p\u00e1ginas web y, entre otras finalidades, sirve para asegurar el correcto funcionamiento de la p\u00e1gina, permitir al Usuario un acceso m\u00e1s r\u00e1pido a los servicios seleccionados, almacenar y recuperar informaci\u00f3n sobre los h\u00e1bitos de navegaci\u00f3n de un usuario o de su equipo e incluso, dependiendo de la informaci\u00f3n que contengan y de la forma en que se utilice su equipo, pueden utilizarse para reconocer al usuario.<\/p> <p>Las cookies se asocian \u00fanicamente a un usuario an\u00f3nimo y a su ordenador o dispositivo y no proporcionan referencias que permitan conocer sus datos personales, salvo permiso expreso de aquel.<\/p> <p>Seg\u00fan la directiva de la UE, las cookies que requieren el consentimiento informado por parte del usuario son las cookies de anal\u00edtica, las de publicidad y afiliaci\u00f3n, quedando exceptuadas las de car\u00e1cter t\u00e9cnico y las necesarias para el funcionamiento de la p\u00e1gina web o la prestaci\u00f3n de servicios expresamente demandados por el usuario.<\/p> <h2>Tipos de cookies<\/h2> <p>Las cookies pueden clasificarse, en virtud de sus caracter\u00edsticas propias, dentro de diversas categor\u00edas:<\/p> <h3>Seg\u00fan la entidad que las gestiona<\/h3> <ul> <li><strong>Cookies propias:<\/strong> Son aquellas que se env\u00edan a tu ordenador y son gestionadas exclusivamente por nosotros para el mejor funcionamiento del Sitio Web.<\/li> <li><strong>Cookies de terceros:<\/strong> Son aquellas que se env\u00edan a tu ordenador y no son gestionadas por nosotros, sino por una tercera entidad.<\/li> <\/ul> <h3>Seg\u00fan el plazo de tiempo que permanecen activas<\/h3> <ul> <li><strong>Cookies de sesi\u00f3n:<\/strong> Este tipo de cookies recogen y almacenan datos \u00fanicamente mientras el Usuario accede al Sitio Web.<\/li> <li><strong>Cookies persistentes:<\/strong> Mediante este tipo de cookies los datos siguen almacenados y pueden ser accedidos y tratados durante el per\u00edodo definido por el responsable de la cookie, y puede ir de unos minutos a varios a\u00f1os.<\/li> <\/ul> <h3>Seg\u00fan la finalidad<\/h3> <ul> <li><strong>Cookies t\u00e9cnicas:<\/strong> Son aquellas que permiten al usuario la navegaci\u00f3n a trav\u00e9s del sitio web, plataforma o aplicaci\u00f3n y la utilizaci\u00f3n de las diferentes opciones o servicios que el mismo ofrece, como por ejemplo, controlar el tr\u00e1fico y la comunicaci\u00f3n de datos, identificar la sesi\u00f3n, acceder a partes de acceso restringido, recordar los elementos que integran un pedido, realizar el proceso de compra de un pedido, realizar la solicitud de inscripci\u00f3n o participaci\u00f3n en un evento, utilizar elementos de seguridad durante la navegaci\u00f3n, almacenar contenidos para la difusi\u00f3n de v\u00eddeos o sonido o compartir contenidos a trav\u00e9s de redes sociales.<\/li> <li><strong>Cookies de personalizaci\u00f3n o preferencias:<\/strong> Son aquellas que permiten al usuario acceder al servicio con algunas caracter\u00edsticas de car\u00e1cter general predefinidas, como el idioma, la configuraci\u00f3n regional desde donde se accede al servicio, etc.<\/li> <li><strong>Cookies de an\u00e1lisis:<\/strong> Son aquellas que permiten al responsable de las mismas el seguimiento y an\u00e1lisis del comportamiento de los usuarios de los sitios web a los que est\u00e1n vinculadas. La informaci\u00f3n recogida mediante este tipo de cookies se utiliza en la medici\u00f3n de la actividad de los sitios web, aplicaci\u00f3n o plataforma y para la elaboraci\u00f3n de perfiles de navegaci\u00f3n de los usuarios de dichos sitios, aplicaciones y plataformas, con el fin de introducir mejoras en funci\u00f3n del an\u00e1lisis de los datos de uso que hacen los usuarios del servicio.<\/li> <li><strong>Cookies publicitarias:<\/strong> Son aquellas que permiten la gesti\u00f3n, de la forma m\u00e1s eficaz posible, de los espacios publicitarios que, en su caso, se hayan incluido en el sitio web, aplicaci\u00f3n o plataforma desde la que presta el servicio solicitado en base a criterios como el contenido editado o la frecuencia en la que se muestran los anuncios. Recogen informaci\u00f3n sobre las preferencias y elecciones personales de los usuarios.<\/li> <\/ul> <h2>Cookies utilizadas en esta web<\/h2> <table border=\"1\" cellspacing=\"0\" cellpadding=\"6\"> <thead> <tr> <th>Nombre<\/th> <th>Tipo (t\u00e9cnicas, personalizaci\u00f3n, an\u00e1lisis o publicitarias)<\/th> <th>Duraci\u00f3n<\/th> <th>Finalidad<\/th> <th>Propias\/Terceros<\/th> <th>Identificaci\u00f3n del tercero (enlace a la Pol\u00edtica de Cookies del tercero)<\/th> <\/tr> <\/thead> <tbody> <tr> <td>wordpress_<\/td> <td>Recordatorio de sesi\u00f3n<\/td> <td>Sesi\u00f3n<\/td> <td>Recordatorio de sesi\u00f3n<\/td> <td>Propias<\/td> <td><\/td> <\/tr> <tr> <td>wordpress_logged_in_<\/td> <td>Recordatorio de sesi\u00f3n<\/td> <td>Sesi\u00f3n<\/td> <td>Recordatorio de sesi\u00f3n<\/td> <td>Propias<\/td> <td><\/td> <\/tr> <tr> <td>wordpress_test_<\/td> <td>Recordatorio de sesi\u00f3n<\/td> <td>Sesi\u00f3n<\/td> <td>Recordatorio de sesi\u00f3n<\/td> <td>Propias<\/td> <td><\/td> <\/tr> <tr> <td>wordpress_test_cookie<\/td> <td>WordPress Test Cookies<\/td> <td>Sesi\u00f3n<\/td> <td>Recordatorio de sesi\u00f3n<\/td> <td>Propias<\/td> <td><\/td> <\/tr> <tr> <td>wp-settings-[UID]<\/td> <td>Personalizaci\u00f3n<\/td> <td>1 a\u00f1o<\/td> <td>Se utiliza para personalizar la interfaz de usuario.<\/td> <td>Propias<\/td> <td><\/td> <\/tr> <tr> <td>wp-settings-time-[UID]<\/td> <td>Personalizaci\u00f3n<\/td> <td>1 a\u00f1o<\/td> <td>Almacena el aspecto de la interfaz de administraci\u00f3n y del sitio principal.<\/td> <td>Propias<\/td> <td><\/td> <\/tr> <\/tbody> <\/table> <h2>Cookies de terceros<\/h2> <p><strong>Google Analytics.<\/strong> Las bibliotecas gtag.js, analytics.js y ga.js configuran las siguientes cookies:<\/p> <table border=\"1\" cellspacing=\"0\" cellpadding=\"6\"> <thead> <tr> <th>Nombre<\/th> <th>Duraci\u00f3n<\/th> <th>Descripci\u00f3n<\/th> <\/tr> <\/thead> <tbody> <tr> <td>_ga<\/td> <td>2 a\u00f1os<\/td> <td>Se usa para distinguir a los usuarios.<\/td> <\/tr> <tr> <td>_gid<\/td> <td>24 horas<\/td> <td>Se usa para distinguir a los usuarios.<\/td> <\/tr> <tr> <td>_gat<\/td> <td>1 minuto<\/td> <td>Se usa para limitar el porcentaje de solicitudes. Si se ha implementado Google Analytics mediante Google Tag Manager, esta cookie se llamar\u00e1 <code>_dc_gtm_&lt;property-id&gt;<\/code>.<\/td> <\/tr> <tr> <td>_gac_&lt;property-id&gt;<\/td> <td>90 d\u00edas<\/td> <td>Incluye informaci\u00f3n de la campa\u00f1a relativa al usuario. Si has vinculado tus cuentas de Google Analytics y Google Ads, las etiquetas de conversi\u00f3n en sitio web de Google Ads leer\u00e1n esta cookie, salvo que la inhabilites. M\u00e1s info.<\/td> <\/tr> <tr> <td>__utma<\/td> <td>2 a\u00f1os a partir de la configuraci\u00f3n o actualizaci\u00f3n<\/td> <td>Se usa para distinguir usuarios y sesiones. La cookie se crea cuando se ejecuta la biblioteca de JavaScript y no existe ninguna cookie <code>__utma<\/code>. La cookie se actualiza cada vez que se env\u00edan datos a Google Analytics.<\/td> <\/tr> <tr> <td>__utmt<\/td> <td>10 minutos<\/td> <td>Se usa para limitar el porcentaje de solicitudes.<\/td> <\/tr> <tr> <td>__utmb<\/td> <td>30 minutos a partir de la configuraci\u00f3n o actualizaci\u00f3n<\/td> <td>Se usa para determinar nuevas sesiones o visitas. La cookie se crea cuando se ejecuta la biblioteca de JavaScript y no existe ninguna cookie <code>__utmb<\/code>. La cookie se actualiza cada vez que se env\u00edan datos a Google Analytics.<\/td> <\/tr> <tr> <td>__utmc<\/td> <td>Fin de la sesi\u00f3n del navegador<\/td> <td>No se usa en ga.js. Se configura para interactuar con urchin.js. Anteriormente, esta cookie actuaba junto con la cookie <code>__utmb<\/code> para determinar si el usuario estaba en una nueva sesi\u00f3n o visita.<\/td> <\/tr> <tr> <td>__utmz<\/td> <td>6 meses a partir de la configuraci\u00f3n o actualizaci\u00f3n<\/td> <td>Almacena la fuente de tr\u00e1fico o la campa\u00f1a que explica c\u00f3mo ha llegado el usuario al sitio web. La cookie se crea cuando se ejecuta la biblioteca de JavaScript y se actualiza cada vez que se env\u00edan datos a Google Analytics.<\/td> <\/tr> <tr> <td>__utmv<\/td> <td>2 a\u00f1os a partir de la configuraci\u00f3n o actualizaci\u00f3n<\/td> <td>Se usa para almacenar datos de variables personalizadas a nivel de visitante. Esta cookie se crea cuando un programador usa el m\u00e9todo <code>_setCustomVar<\/code> con una variable personalizada a nivel de visitante. Tambi\u00e9n se usaba para el m\u00e9todo <code>_setVar<\/code>, que ya no est\u00e1 disponible. La cookie se actualiza cada vez que se env\u00edan datos a Google Analytics.<\/td> <\/tr> <\/tbody> <\/table> <p><strong>Pol\u00edtica de cookies de Google Analytics:<\/strong> <a href=\"https:\/\/developers.google.com\/analytics\/devguides\/collection\/analyticsjs\/cookie-usage?hl=es\">https:\/\/developers.google.com\/analytics\/devguides\/collection\/analyticsjs\/cookie-usage?hl=es<\/a><\/p> <p>Esta tabla puede ser actualizada de acuerdo con las cookies utilizadas en cada momento. Te aconsejamos que consultes nuestra Pol\u00edtica de Cookies de forma regular.<\/p> <h2>\u00bfSe realizan transferencias de datos a terceros pa\u00edses?<\/h2> <p>Puedes informarte de las transferencias a terceros pa\u00edses que, en su caso, realicen los terceros identificados en esta pol\u00edtica de cookies en sus correspondientes pol\u00edticas (v\u00e9anse los enlaces facilitados en la tabla anterior, en el apartado de cookies de terceros).<\/p> <h2>\u00bfC\u00f3mo desactivar y bloquear las cookies?<\/h2> <p>Te informamos de que, en cualquier caso, puedes desactivar o bloquear las cookies activando la configuraci\u00f3n de tu navegador, permitiendo rechazar la instalaci\u00f3n de todas o algunas de las cookies.<\/p> <p>En caso de no permitir la instalaci\u00f3n de cookies es posible que no puedas acceder a algunas de las funcionalidades del presente sitio web y, por tanto, tu experiencia como usuario en el sitio web resulte menos satisfactoria.<\/p> <p>Puedes permitir, bloquear o eliminar las cookies instaladas en tu equipo mediante la configuraci\u00f3n de las opciones del navegador instalado en tu ordenador.<\/p> <p>Para m\u00e1s informaci\u00f3n sobre c\u00f3mo ajustar sus configuraciones de cookies en los siguientes navegadores, te remitimos al enlace pertinente:<\/p> <ul> <li>Internet Explorer: <a href=\"https:\/\/support.microsoft.com\/es-es\/help\/17442\/windows-internet-explorer-deletemanage-cookies\">https:\/\/support.microsoft.com\/es-es\/help\/17442\/windows-internet-explorer-deletemanage-cookies<\/a><\/li> <li>Firefox: <a href=\"https:\/\/support.mozilla.org\/es\/kb\/habilitar-y-deshabilitar-cookies-sitios-web-rastrearpreferencias?redirectlocale=es&amp;redirectslug=habilitar-y-deshabilitar-cookies-que-los-sitioswe\">https:\/\/support.mozilla.org\/es\/kb\/habilitar-y-deshabilitar-cookies-sitios-web-rastrearpreferencias?redirectlocale=es&amp;redirectslug=habilitar-y-deshabilitar-cookies-que-los-sitioswe<\/a><\/li> <li>Chrome: <a href=\"http:\/\/support.google.com\/chrome\/bin\/answer.py?hl=en&amp;answer=95647\">http:\/\/support.google.com\/chrome\/bin\/answer.py?hl=en&amp;answer=95647<\/a><\/li> <li>Safari: <a href=\"https:\/\/support.apple.com\/kb\/PH19214?viewlocale=es_ES&amp;locale=es_ES\">https:\/\/support.apple.com\/kb\/PH19214?viewlocale=es_ES&amp;locale=es_ES<\/a><\/li> <li>Opera: <a href=\"http:\/\/help.opera.com\/Windows\/11.50\/es-ES\/cookies.html\">http:\/\/help.opera.com\/Windows\/11.50\/es-ES\/cookies.html<\/a><\/li> <\/ul> <h2>\u00bfQu\u00e9 derechos tienes sobre los datos personales aportados?<\/h2> <p>Como usuario, puedes ejercitar los siguientes derechos:<\/p> <ul> <li><strong>Derecho de acceso:<\/strong> Tienes derecho a obtener por parte de la empresa confirmaci\u00f3n de si se est\u00e1n tratando o no tus datos personales y, en su caso, qu\u00e9 datos trata.<\/li> <li><strong>Derecho de rectificaci\u00f3n:<\/strong> Tienes derecho a obtener por parte de la empresa la rectificaci\u00f3n de los datos personales inexactos que te conciernan. En la solicitud de rectificaci\u00f3n deber\u00e1s indicar los datos que quieres que se modifiquen.<\/li> <li><strong>Derecho de oposici\u00f3n:<\/strong> Tienes derecho a oponerte en cualquier momento, por motivos relacionados con tu situaci\u00f3n particular, a que datos personales que te conciernan sean objeto de un tratamiento basado en el inter\u00e9s leg\u00edtimo de la empresa. En este caso, la empresa dejar\u00e1 de tratar los datos personales, salvo que acreditemos motivos leg\u00edtimos imperiosos para el tratamiento que prevalezcan sobre tus intereses, derechos y libertades, o para la formulaci\u00f3n, el ejercicio o la defensa de reclamaciones.<\/li> <li><strong>Derecho de supresi\u00f3n:<\/strong> Tienes derecho a obtener por parte de la empresa la supresi\u00f3n de los datos personales que te conciernan.<\/li> <li><strong>Derecho a la portabilidad de los datos:<\/strong> Tienes derecho a que la empresa transfiera tus datos personales a otro responsable del tratamiento. Solo es posible ejercitar este derecho cuando el tratamiento est\u00e9 basado en la ejecuci\u00f3n de un contrato o en tu consentimiento y el tratamiento se realice por medios automatizados.<\/li> <li><strong>Derecho a la limitaci\u00f3n del tratamiento:<\/strong> Tienes derecho a solicitarnos que suspendamos el tratamiento de tus datos cuando: impugnes la exactitud de los datos, mientras la empresa verifica dicha exactitud; hayas ejercido el derecho de oposici\u00f3n al tratamiento de tus datos, mientras se verifica si los motivos leg\u00edtimos de la empresa prevalecen sobre los tuyos como interesado.<\/li> <li><strong>Derecho a no ser objeto de decisiones individuales automatizadas, incluida la elaboraci\u00f3n de perfiles:<\/strong> Tienes derecho a no ser objeto de una decisi\u00f3n basada \u00fanicamente en el tratamiento automatizado, incluida la elaboraci\u00f3n de perfiles, que produzca efectos jur\u00eddicos o te afecte significativamente de modo similar.<\/li> <\/ul> <p>En cualquier momento, podr\u00e1s ejercer estos derechos mediante un escrito y acreditando tu identidad dirigido a Can Miman SL, con direcci\u00f3n en Avda Sanagustin, 34 Esc. A 2\u00aa 1, 07830 Sant Josep de sa Talaia (Balears), o a trav\u00e9s de la direcci\u00f3n de correo electr\u00f3nico: <a href=\"mailto:canmimanrealestate@gmail.com\">canmimanrealestate@gmail.com<\/a>.<\/p> <p>Adem\u00e1s, podr\u00e1s presentar una reclamaci\u00f3n ante la autoridad de control, en este caso, la Agencia Espa\u00f1ola de Protecci\u00f3n de Datos, si consideras que el tratamiento de datos personales infringe la legislaci\u00f3n aplicable.<\/p>\t\t\t\t\t\t\t\t<\/div>\n\t\t\t\t\t<\/div>\n\t\t\t\t<\/div>\n\t\t\t\t<\/div>\n\t\t","protected":false},"excerpt":{"rendered":"<p>La web de Can Miman SL utiliza cookies propias y de terceros. Una cookie es un archivo que se descarga en su ordenador al acceder a determinadas p\u00e1ginas web y, entre otras finalidades, sirve para asegurar el correcto funcionamiento de la p\u00e1gina, permitir al Usuario un acceso m\u00e1s r\u00e1pido a los servicios seleccionados, almacenar y [&hellip;]<\/p>\n","protected":false},"author":1,"featured_media":0,"parent":0,"menu_order":0,"comment_status":"closed","ping_status":"closed","template":"","meta":{"footnotes":""},"class_list":["post-338","page","type-page","status-publish","hentry"],"_links":{"self":[{"href":"https:\/\/tsa.seoglobal.es\/index.php\/wp-json\/wp\/v2\/pages\/338","targetHints":{"allow":["GET"]}}],"collection":[{"href":"https:\/\/tsa.seoglobal.es\/index.php\/wp-json\/wp\/v2\/pages"}],"about":[{"href":"https:\/\/tsa.seoglobal.es\/index.php\/wp-json\/wp\/v2\/types\/page"}],"author":[{"embeddable":true,"href":"https:\/\/tsa.seoglobal.es\/index.php\/wp-json\/wp\/v2\/users\/1"}],"replies":[{"embeddable":true,"href":"https:\/\/tsa.seoglobal.es\/index.php\/wp-json\/wp\/v2\/comments?post=338"}],"version-history":[{"count":4,"href":"https:\/\/tsa.seoglobal.es\/index.php\/wp-json\/wp\/v2\/pages\/338\/revisions"}],"predecessor-version":[{"id":342,"href":"https:\/\/tsa.seoglobal.es\/index.php\/wp-json\/wp\/v2\/pages\/338\/revisions\/342"}],"wp:attachment":[{"href":"https:\/\/tsa.seoglobal.es\/index.php\/wp-json\/wp\/v2\/media?parent=338"}],"curies":[{"name":"wp","href":"https:\/\/api.w.org\/{rel}","templated":true}]}}