{"id":84,"date":"2026-03-11T14:34:43","date_gmt":"2026-03-11T14:34:43","guid":{"rendered":"https:\/\/tsa.seoglobal.es\/?page_id=84"},"modified":"2026-04-14T13:32:59","modified_gmt":"2026-04-14T13:32:59","slug":"sobre-nosotros","status":"publish","type":"page","link":"https:\/\/tsa.seoglobal.es\/index.php\/sobre-nosotros\/","title":{"rendered":"Sobre nosotros"},"content":{"rendered":"\t\t<div data-elementor-type=\"wp-page\" data-elementor-id=\"84\" class=\"elementor elementor-84\" data-elementor-post-type=\"page\">\n\t\t\t\t<div class=\"elementor-element elementor-element-5e2bed27 e-flex e-con-boxed e-con e-parent\" data-id=\"5e2bed27\" data-element_type=\"container\" data-e-type=\"container\">\n\t\t\t\t\t<div class=\"e-con-inner\">\n\t\t<div class=\"elementor-element elementor-element-53d6fb00 e-con-full e-flex e-con e-child\" data-id=\"53d6fb00\" data-element_type=\"container\" data-e-type=\"container\">\n\t\t\t\t<div class=\"elementor-element elementor-element-6c417636 elementor-invisible elementor-widget elementor-widget-heading\" data-id=\"6c417636\" data-element_type=\"widget\" data-e-type=\"widget\" data-settings=\"{&quot;_animation&quot;:&quot;fadeInUp&quot;}\" data-widget_type=\"heading.default\">\n\t\t\t\t\t<h1 class=\"elementor-heading-title elementor-size-default\">Sobre nosotros<\/h1>\t\t\t\t<\/div>\n\t\t\t\t<\/div>\n\t\t<div class=\"elementor-element elementor-element-53936c4 e-con-full e-flex e-con e-child\" data-id=\"53936c4\" data-element_type=\"container\" data-e-type=\"container\">\n\t\t\t\t<div class=\"elementor-element elementor-element-166f9bca elementor-widget-tablet__width-inherit elementor-invisible elementor-widget elementor-widget-text-editor\" data-id=\"166f9bca\" data-element_type=\"widget\" data-e-type=\"widget\" data-settings=\"{&quot;_animation&quot;:&quot;fadeInUp&quot;}\" data-widget_type=\"text-editor.default\">\n\t\t\t\t\t\t\t\t\t<p>Somos especialistas en el sector inmobiliario y gestion de viviendas con una visi\u00f3n clara: ofrecer un servicio exclusivo, cercano y de m\u00e1xima calidad.<br \/>Trabajamos con pasi\u00f3n por los detalles y compromiso con cada cliente.<\/p>\t\t\t\t\t\t\t\t<\/div>\n\t\t\t\t<\/div>\n\t\t<div class=\"elementor-element elementor-element-4601d2a8 e-con-full e-flex e-con e-child\" data-id=\"4601d2a8\" data-element_type=\"container\" data-e-type=\"container\">\n\t\t\t\t<div class=\"elementor-element elementor-element-2f4ab150 elementor-widget-tablet__width-inherit elementor-invisible elementor-widget elementor-widget-text-editor\" data-id=\"2f4ab150\" data-element_type=\"widget\" data-e-type=\"widget\" data-settings=\"{&quot;_animation&quot;:&quot;fadeInUp&quot;}\" data-widget_type=\"text-editor.default\">\n\t\t\t\t\t\t\t\t\t<p>Te ofrecemos una cuidada selecci\u00f3n de inmuebles en ubicaciones privilegiadas.<br \/>Ya sea para comprar, alquilar o invertir, te acompa\u00f1amos en todo el proceso con un servicio personalizado y discreto<\/p>\t\t\t\t\t\t\t\t<\/div>\n\t\t\t\t<\/div>\n\t\t\t\t\t<\/div>\n\t\t\t\t<\/div>\n\t\t<div class=\"elementor-element elementor-element-78cb620 e-con-full e-flex e-con e-parent\" data-id=\"78cb620\" data-element_type=\"container\" data-e-type=\"container\">\n\t\t<div class=\"elementor-element elementor-element-650845ff e-con-full e-flex e-con e-child\" data-id=\"650845ff\" data-element_type=\"container\" data-e-type=\"container\">\n\t\t\t\t<div class=\"elementor-element elementor-element-1af1be68 elementor-invisible elementor-widget elementor-widget-image\" data-id=\"1af1be68\" data-element_type=\"widget\" data-e-type=\"widget\" data-settings=\"{&quot;_animation&quot;:&quot;fadeInUp&quot;}\" data-widget_type=\"image.default\">\n\t\t\t\t\t\t\t\t\t\t\t\t\t\t\t<img fetchpriority=\"high\" decoding=\"async\" width=\"1600\" height=\"1066\" src=\"https:\/\/tsa.seoglobal.es\/wp-content\/uploads\/2026\/03\/WhatsApp-Image-2026-03-24-at-10.14.20-2.jpeg\" class=\"attachment-full size-full wp-image-482\" alt=\"\" srcset=\"https:\/\/tsa.seoglobal.es\/wp-content\/uploads\/2026\/03\/WhatsApp-Image-2026-03-24-at-10.14.20-2.jpeg 1600w, https:\/\/tsa.seoglobal.es\/wp-content\/uploads\/2026\/03\/WhatsApp-Image-2026-03-24-at-10.14.20-2-300x200.jpeg 300w, https:\/\/tsa.seoglobal.es\/wp-content\/uploads\/2026\/03\/WhatsApp-Image-2026-03-24-at-10.14.20-2-1024x682.jpeg 1024w, https:\/\/tsa.seoglobal.es\/wp-content\/uploads\/2026\/03\/WhatsApp-Image-2026-03-24-at-10.14.20-2-768x512.jpeg 768w, https:\/\/tsa.seoglobal.es\/wp-content\/uploads\/2026\/03\/WhatsApp-Image-2026-03-24-at-10.14.20-2-1536x1023.jpeg 1536w\" sizes=\"(max-width: 1600px) 100vw, 1600px\" \/>\t\t\t\t\t\t\t\t\t\t\t\t\t\t\t<\/div>\n\t\t\t\t<\/div>\n\t\t\t\t<\/div>\n\t\t<div class=\"elementor-element elementor-element-4a227384 e-flex e-con-boxed elementor-invisible e-con e-parent\" data-id=\"4a227384\" data-element_type=\"container\" data-e-type=\"container\" data-settings=\"{&quot;animation&quot;:&quot;fadeIn&quot;}\">\n\t\t\t\t\t<div class=\"e-con-inner\">\n\t\t<div class=\"elementor-element elementor-element-7649143a e-con-full e-flex e-con e-child\" data-id=\"7649143a\" data-element_type=\"container\" data-e-type=\"container\">\n\t\t\t\t<div class=\"elementor-element elementor-element-105a1071 elementor-invisible elementor-widget elementor-widget-heading\" data-id=\"105a1071\" data-element_type=\"widget\" data-e-type=\"widget\" data-settings=\"{&quot;_animation&quot;:&quot;fadeInUp&quot;}\" data-widget_type=\"heading.default\">\n\t\t\t\t\t<h2 class=\"elementor-heading-title elementor-size-default\">Alquiler y Venta de villas<\/h2>\t\t\t\t<\/div>\n\t\t\t\t<div class=\"elementor-element elementor-element-88bbac9 elementor-widget-tablet__width-inherit elementor-invisible elementor-widget elementor-widget-text-editor\" data-id=\"88bbac9\" data-element_type=\"widget\" data-e-type=\"widget\" data-settings=\"{&quot;_animation&quot;:&quot;fadeInUp&quot;}\" data-widget_type=\"text-editor.default\">\n\t\t\t\t\t\t\t\t\t<p data-start=\"265\" data-end=\"531\">Te ofrecemos una cuidada selecci\u00f3n de inmuebles en ubicaciones privilegiadas. Ya sea para comprar, alquilar o invertir, te acompa\u00f1amos en todo el proceso con un servicio personalizado y discreto<\/p><p data-start=\"1042\" data-end=\"1209\">Descubre propiedades \u00fanicas para tus vacaciones, tu hogar o tu inversi\u00f3n. Cuidamos cada detalle para ofrecerte una experiencia exclusiva, basada en la confianza y la excelencia.<\/p>\t\t\t\t\t\t\t\t<\/div>\n\t\t\t\t<\/div>\n\t\t<div class=\"elementor-element elementor-element-22d03273 e-con-full e-flex e-con e-child\" data-id=\"22d03273\" data-element_type=\"container\" data-e-type=\"container\">\n\t\t\t\t<div class=\"elementor-element elementor-element-3bb79d40 elementor-invisible elementor-widget elementor-widget-image\" data-id=\"3bb79d40\" data-element_type=\"widget\" data-e-type=\"widget\" data-settings=\"{&quot;_animation&quot;:&quot;fadeInUp&quot;}\" data-widget_type=\"image.default\">\n\t\t\t\t\t\t\t\t\t\t\t\t\t\t\t<img decoding=\"async\" width=\"1042\" height=\"1253\" src=\"https:\/\/tsa.seoglobal.es\/wp-content\/uploads\/2026\/03\/WhatsApp-Image-2026-03-24-at-10.14.20-7.jpeg\" class=\"attachment-full size-full wp-image-487\" alt=\"\" srcset=\"https:\/\/tsa.seoglobal.es\/wp-content\/uploads\/2026\/03\/WhatsApp-Image-2026-03-24-at-10.14.20-7.jpeg 1042w, https:\/\/tsa.seoglobal.es\/wp-content\/uploads\/2026\/03\/WhatsApp-Image-2026-03-24-at-10.14.20-7-249x300.jpeg 249w, https:\/\/tsa.seoglobal.es\/wp-content\/uploads\/2026\/03\/WhatsApp-Image-2026-03-24-at-10.14.20-7-852x1024.jpeg 852w, https:\/\/tsa.seoglobal.es\/wp-content\/uploads\/2026\/03\/WhatsApp-Image-2026-03-24-at-10.14.20-7-768x924.jpeg 768w\" sizes=\"(max-width: 1042px) 100vw, 1042px\" \/>\t\t\t\t\t\t\t\t\t\t\t\t\t\t\t<\/div>\n\t\t\t\t<\/div>\n\t\t\t\t\t<\/div>\n\t\t\t\t<\/div>\n\t\t\t\t<\/div>\n\t\t","protected":false},"excerpt":{"rendered":"<p>Sobre nosotros Somos especialistas en el sector inmobiliario y gestion de viviendas con una visi\u00f3n clara: ofrecer un servicio exclusivo, cercano y de m\u00e1xima calidad.Trabajamos con pasi\u00f3n por los detalles y compromiso con cada cliente. Te ofrecemos una cuidada selecci\u00f3n de inmuebles en ubicaciones privilegiadas.Ya sea para comprar, alquilar o invertir, te acompa\u00f1amos en todo [&hellip;]<\/p>\n","protected":false},"author":1,"featured_media":0,"parent":0,"menu_order":0,"comment_status":"closed","ping_status":"closed","template":"","meta":{"footnotes":""},"class_list":["post-84","page","type-page","status-publish","hentry"],"_links":{"self":[{"href":"https:\/\/tsa.seoglobal.es\/index.php\/wp-json\/wp\/v2\/pages\/84","targetHints":{"allow":["GET"]}}],"collection":[{"href":"https:\/\/tsa.seoglobal.es\/index.php\/wp-json\/wp\/v2\/pages"}],"about":[{"href":"https:\/\/tsa.seoglobal.es\/index.php\/wp-json\/wp\/v2\/types\/page"}],"author":[{"embeddable":true,"href":"https:\/\/tsa.seoglobal.es\/index.php\/wp-json\/wp\/v2\/users\/1"}],"replies":[{"embeddable":true,"href":"https:\/\/tsa.seoglobal.es\/index.php\/wp-json\/wp\/v2\/comments?post=84"}],"version-history":[{"count":37,"href":"https:\/\/tsa.seoglobal.es\/index.php\/wp-json\/wp\/v2\/pages\/84\/revisions"}],"predecessor-version":[{"id":671,"href":"https:\/\/tsa.seoglobal.es\/index.php\/wp-json\/wp\/v2\/pages\/84\/revisions\/671"}],"wp:attachment":[{"href":"https:\/\/tsa.seoglobal.es\/index.php\/wp-json\/wp\/v2\/media?parent=84"}],"curies":[{"name":"wp","href":"https:\/\/api.w.org\/{rel}","templated":true}]}}